{"id":649,"date":"2017-11-13T18:45:30","date_gmt":"2017-11-13T16:45:30","guid":{"rendered":"https:\/\/www.ldki.lt\/?page_id=649"},"modified":"2026-04-07T14:05:02","modified_gmt":"2026-04-07T11:05:02","slug":"vidomosti","status":"publish","type":"page","link":"https:\/\/www.ldki.lt\/uk\/vidomosti\/","title":{"rendered":"\u0412\u0456\u0434\u043e\u043c\u043e\u0441\u0442\u0456 \u043f\u0440\u043e I\u043d\u0441\u0442\u0438\u0442\u0443\u0442 \u0412\u041a\u041b"},"content":{"rendered":"<p>\u0406\u043d\u0441\u0442\u0438\u0442\u0443\u0442 \u0412\u0435\u043b\u0438\u043a\u043e\u0433\u043e \u041a\u043d\u044f\u0437\u0456\u0432\u0441\u0442\u0432\u0430 \u041b\u0438\u0442\u043e\u0432\u0441\u044c\u043a\u043e\u0433\u043e<br>\nGrand Duchy of Lithuania Institute<br>\nA\u0434\u0440\u0435\u0441: Saul\u0117gr\u0105\u017e\u0173 24, LT-46326, Kaunas<br>\n\u041a\u043e\u0434 \u0456\u043d\u0441\u0442\u0438\u0442\u0443\u0446\u0456\u0457: 302464098<br>\n\u0411\u0430\u043d\u043a\u0456\u0432\u0441\u044c\u043a\u0438\u0439 \u0440\u0430\u0445\u0443\u043d\u043e\u043a IBAN: LT80 2140 0300 0199 0296<br>\nBank Luminor Bank AB<br>\nSWIFT: AGBLLT2X<\/p>\n","protected":false},"excerpt":{"rendered":"<p>\u0406\u043d\u0441\u0442\u0438\u0442\u0443\u0442 \u0412\u0435\u043b\u0438\u043a\u043e\u0433\u043e \u041a\u043d\u044f\u0437\u0456\u0432\u0441\u0442\u0432\u0430 \u041b\u0438\u0442\u043e\u0432\u0441\u044c\u043a\u043e\u0433\u043e Grand Duchy of Lithuania Institute A\u0434\u0440\u0435\u0441: Saul\u0117gr\u0105\u017e\u0173 24, LT-46326, Kaunas \u041a\u043e\u0434 \u0456\u043d\u0441\u0442\u0438\u0442\u0443\u0446\u0456\u0457: 302464098 \u0411\u0430\u043d\u043a\u0456\u0432\u0441\u044c\u043a\u0438\u0439 \u0440\u0430\u0445\u0443\u043d\u043e\u043a IBAN: LT80 2140 0300 0199 0296 Bank Luminor Bank AB SWIFT: AGBLLT2X<\/p>\n","protected":false},"author":3,"featured_media":0,"parent":0,"menu_order":0,"comment_status":"closed","ping_status":"closed","template":"","meta":[],"_links":{"self":[{"href":"https:\/\/www.ldki.lt\/uk\/wp-json\/wp\/v2\/pages\/649"}],"collection":[{"href":"https:\/\/www.ldki.lt\/uk\/wp-json\/wp\/v2\/pages"}],"about":[{"href":"https:\/\/www.ldki.lt\/uk\/wp-json\/wp\/v2\/types\/page"}],"author":[{"embeddable":true,"href":"https:\/\/www.ldki.lt\/uk\/wp-json\/wp\/v2\/users\/3"}],"replies":[{"embeddable":true,"href":"https:\/\/www.ldki.lt\/uk\/wp-json\/wp\/v2\/comments?post=649"}],"version-history":[{"count":8,"href":"https:\/\/www.ldki.lt\/uk\/wp-json\/wp\/v2\/pages\/649\/revisions"}],"predecessor-version":[{"id":2250,"href":"https:\/\/www.ldki.lt\/uk\/wp-json\/wp\/v2\/pages\/649\/revisions\/2250"}],"wp:attachment":[{"href":"https:\/\/www.ldki.lt\/uk\/wp-json\/wp\/v2\/media?parent=649"}],"curies":[{"name":"wp","href":"https:\/\/api.w.org\/{rel}","templated":true}]}}