{"id":73,"date":"2017-05-05T14:22:30","date_gmt":"2017-05-05T11:22:30","guid":{"rendered":"https:\/\/www.ldki.lt\/?page_id=73\/"},"modified":"2025-02-10T17:45:30","modified_gmt":"2025-02-10T15:45:30","slug":"instytut","status":"publish","type":"page","link":"https:\/\/www.ldki.lt\/pl\/instytut\/","title":{"rendered":"Administracja, Pracownicy, Za\u0142o\u017cyciele i udzia\u0142owcy, Rada naukowa"},"content":{"rendered":"<p><strong>ADMINISTRACJA<\/strong><br>\nDyrektor <a href=\"http:\/\/www.rustis.lt\">Dr. R\u016aSTIS KAMUNTAVI\u010cIUS<\/a><br>\nKatedra Historii, Uniwersytet Witolda Wielkiego, Kowno<br>\nPrzedstawiciel na Ukrainie Dr habil. OLGA KOVALEVSKA<br>\nInstytut Historii Ukrainy, Narodowa Akademia Nauk Ukrainy, Kij\u00f3w<br>\nPrzedstawiciel na Bia\u0142orusi Dr. ANDREJ KAZAKIEVI\u010c<br>\nInstytut bada\u0144 politycznych \u201cSfera polityczna\u201d, Mi\u0144sk<br>\nPrzedstawiciel w Polsce Dr. TOMASZ B\u0141ASZCZAK<br>\nCentrum Czes\u0142awa Mi\u0142osza, Uniwersytet Witolda Wielkiego, Kowno<\/p>\n<p><strong>PRACOWNICY<\/strong><br>\nPovilas Mikalauskas (od 2025)<br>\nAleksander Bely (afiliacja od 2025)<br>\nRi\u010dardas Jarami\u010dius (2017\u20132023),<br>\nTomasz B\u0142aszczak (2021\u20132022)<br>\nAndrei Kazakevich (2021\u20132022)<\/p>\n<p><strong>ZA\u0141O\u017bYCIELE I UDZIA\u0141OWCY<\/strong><br>\n<strong>Osoby prawne:<\/strong><br>\nUniwersytet Witolda Wielkiego (Kowno).<br>\nFundacja Miejsc Rodzinnych Czes\u0142awa Mi\u0142osza (Kowno\/Szetejnie).<br>\nFundacja &#8220;Sugihara&#8221; (Kowno). W 2011 r. wykre\u015blona z gronu udzia\u0142owc\u00f3w.<br>\n<strong>Osoby fizyczne:<\/strong><br>\nJAN MALICKI &#8211; Uniwersytet Warszawski, Studium Europy Wschodniej, dyrektor.<br>\nDARIUSZ SZPOPER &#8211; Akademia Pomorska w S\u0142upsku, profesor.<br>\nEGIDIJUS ALEKSANDRAVI\u010cIUS &#8211; Uniwersytet Witolda Wielkiego, profesor; Instytut Emigracji litewskiej, dyrektor.<br>\nJACEK JAN KOMAR &#8211; publicysta.<br>\nANTANAS KULAKAUSKAS &#8211; Uniwersytet Witolda Wielkiego, profesor. Znany\u00a0intelektualista, publicysta.<br>\nRIMANTAS MIKNYS &#8211; Instytut Historii Litwy, dyrektor.<br>\nANDRZEJ PUKSZTO &#8211; Uniwersytet Witolda Wielkiego, docent; katedra\u00a0politologii, kierownik.<br>\nMA\u0141GORZATA SPOREK-CZY\u017bEWSKA &#8211; przedstawiciel Fundacji &#8220;Pogranicze&#8221;\u00a0(Sejny), dyrektor.<br>\nTOMASZ KOPOCZY\u0143SKI &#8211; adwokat (Gdynia).<\/p>\n<p><strong>RADA NAUKOWA<\/strong><br>\nRada naukowa jest cz\u0119\u015bci\u0105 zarz\u0105du Instytutu WXL z funkcj\u0105 doradcy. Cz\u0142onkami Rady naukowej s\u0105 wszyscy za\u0142o\u017cyciele i udzia\u0142owcy Instytutu WXL oraz wybrane osoby:<br>\nDr. ANDREJ KAZAKIEVI\u010c &#8211;\u00a0Instytut bada\u0144 politycznych \u201cSfera polityczna\u201d (Mi\u0144sk), dyrektor.<br>\nDr. ALIAKSANDR SMALIAN\u010cUK &#8211;\u00a0Grodno (Belaru\u015b), profesor.<br>\nDr habil. PRZEMYS\u0141AW D\u0104BROWSKI &#8211; Akademia Pomorska w S\u0142upsku, profesor.<br>\nDr. IHOR TSEPENDA &#8211;\u00a0Uniwersytet Przykarpacki, Iwano Frankowsk (Ukraina), rektor.<br>\nDr habil. JAN JURKIEWICZ &#8211;\u00a0Uniwersytet Pozna\u0144ski, profesor.<br>\nDr habil. KRZYSZTOF BUCHOWSKI &#8211;\u00a0Uniwersytet w Bia\u0142ymstoku, profesor.<br>\nDr. \u0112RIKS J\u0112KABSONS &#8211;\u00a0Uniwersytet \u0141otewski (Ryga), profesor.<br>\nDr habil. NIKO D\u017bAWACHISZWILI &#8211;\u00a0Tbiliski uniwersytet pa\u0144stwowy im. Iwana D\u017cawachiszwili, profesor.<br>\nDr habil. MIKOLAJ TARKOWSKI &#8211; Akademia Pomorska w S\u0142upsku, profesor.<br>\nDr hab. WOJCIECH \u015aLESZY\u0143SKI &#8211; Uniwersytet w Bia\u0142ymstoku, prorektor, profesor.<\/p>\n","protected":false},"excerpt":{"rendered":"<p>ADMINISTRACJA Dyrektor Dr. R\u016aSTIS KAMUNTAVI\u010cIUS Katedra Historii, Uniwersytet Witolda Wielkiego, Kowno Przedstawiciel na Ukrainie Dr habil. OLGA KOVALEVSKA Instytut Historii Ukrainy, Narodowa Akademia Nauk Ukrainy, Kij\u00f3w Przedstawiciel na Bia\u0142orusi Dr. ANDREJ KAZAKIEVI\u010c Instytut bada\u0144 politycznych \u201cSfera polityczna\u201d, Mi\u0144sk Przedstawiciel w Polsce Dr. TOMASZ B\u0141ASZCZAK Centrum Czes\u0142awa Mi\u0142osza, Uniwersytet Witolda Wielkiego, Kowno PRACOWNICY Povilas Mikalauskas (od [&hellip;]<\/p>\n","protected":false},"author":3,"featured_media":0,"parent":0,"menu_order":0,"comment_status":"open","ping_status":"open","template":"","meta":[],"_links":{"self":[{"href":"https:\/\/www.ldki.lt\/pl\/wp-json\/wp\/v2\/pages\/73"}],"collection":[{"href":"https:\/\/www.ldki.lt\/pl\/wp-json\/wp\/v2\/pages"}],"about":[{"href":"https:\/\/www.ldki.lt\/pl\/wp-json\/wp\/v2\/types\/page"}],"author":[{"embeddable":true,"href":"https:\/\/www.ldki.lt\/pl\/wp-json\/wp\/v2\/users\/3"}],"replies":[{"embeddable":true,"href":"https:\/\/www.ldki.lt\/pl\/wp-json\/wp\/v2\/comments?post=73"}],"version-history":[{"count":17,"href":"https:\/\/www.ldki.lt\/pl\/wp-json\/wp\/v2\/pages\/73\/revisions"}],"predecessor-version":[{"id":2188,"href":"https:\/\/www.ldki.lt\/pl\/wp-json\/wp\/v2\/pages\/73\/revisions\/2188"}],"wp:attachment":[{"href":"https:\/\/www.ldki.lt\/pl\/wp-json\/wp\/v2\/media?parent=73"}],"curies":[{"name":"wp","href":"https:\/\/api.w.org\/{rel}","templated":true}]}}