{"id":692,"date":"2017-11-24T15:32:21","date_gmt":"2017-11-24T13:32:21","guid":{"rendered":"https:\/\/www.ldki.lt\/?page_id=692"},"modified":"2020-01-07T22:36:37","modified_gmt":"2020-01-07T20:36:37","slug":"tematy","status":"publish","type":"page","link":"https:\/\/www.ldki.lt\/pl\/tematy\/","title":{"rendered":"Kategorie wpis\u00f3w"},"content":{"rendered":"<ul class=\"sub-menu\">\n<li class=\"menu-item menu-item-type-taxonomy menu-item-object-category menu-item-719\"><a href=\"https:\/\/www.ldki.lt\/pl\/konferencje\/\">Konferencje<\/a><\/li>\n<li class=\"menu-item menu-item-type-taxonomy menu-item-object-category menu-item-722\"><a href=\"https:\/\/www.ldki.lt\/pl\/publiczne-wydarzenia-pozaakademickie\/\">Nie naukowe wydarzenia<\/a><\/li>\n<li class=\"menu-item menu-item-type-taxonomy menu-item-object-category menu-item-720\"><a href=\"https:\/\/www.ldki.lt\/pl\/projekty-ze-szkolami\/\">Projekty dla szk\u00f3\u0142<\/a><\/li>\n<li class=\"menu-item menu-item-type-taxonomy menu-item-object-category menu-item-765\"><a href=\"https:\/\/www.ldki.lt\/pl\/publikacje\/\">Publikacji<\/a><\/li>\n<li class=\"menu-item menu-item-type-taxonomy menu-item-object-category menu-item-723\"><a href=\"https:\/\/www.ldki.lt\/pl\/sesje-i-szkoly\/\">Sesje i szko\u0142y<\/a><\/li>\n<li class=\"menu-item menu-item-type-taxonomy menu-item-object-category menu-item-724\"><a href=\"https:\/\/www.ldki.lt\/pl\/stypendia-i-nagrody\/\">Stypendia i nagrody<\/a><\/li>\n<li class=\"menu-item menu-item-type-taxonomy menu-item-object-category menu-item-721\"><a href=\"https:\/\/www.ldki.lt\/pl\/zdarzenia\/\">Wydarzenia<\/a><\/li>\n<li class=\"menu-item menu-item-type-taxonomy menu-item-object-category menu-item-718\"><a href=\"https:\/\/www.ldki.lt\/pl\/wyklady-i-konferencje\/\">Wyk\u0142ady i dyskusje publizcne<\/a><\/li>\n<\/ul>\n<p>&nbsp;<\/p>\n","protected":false},"excerpt":{"rendered":"<p>Konferencje Nie naukowe wydarzenia Projekty dla szk\u00f3\u0142 Publikacji Sesje i szko\u0142y Stypendia i nagrody Wydarzenia Wyk\u0142ady i dyskusje publizcne &nbsp;<\/p>\n","protected":false},"author":3,"featured_media":0,"parent":0,"menu_order":0,"comment_status":"closed","ping_status":"closed","template":"","meta":[],"_links":{"self":[{"href":"https:\/\/www.ldki.lt\/pl\/wp-json\/wp\/v2\/pages\/692"}],"collection":[{"href":"https:\/\/www.ldki.lt\/pl\/wp-json\/wp\/v2\/pages"}],"about":[{"href":"https:\/\/www.ldki.lt\/pl\/wp-json\/wp\/v2\/types\/page"}],"author":[{"embeddable":true,"href":"https:\/\/www.ldki.lt\/pl\/wp-json\/wp\/v2\/users\/3"}],"replies":[{"embeddable":true,"href":"https:\/\/www.ldki.lt\/pl\/wp-json\/wp\/v2\/comments?post=692"}],"version-history":[{"count":3,"href":"https:\/\/www.ldki.lt\/pl\/wp-json\/wp\/v2\/pages\/692\/revisions"}],"predecessor-version":[{"id":1458,"href":"https:\/\/www.ldki.lt\/pl\/wp-json\/wp\/v2\/pages\/692\/revisions\/1458"}],"wp:attachment":[{"href":"https:\/\/www.ldki.lt\/pl\/wp-json\/wp\/v2\/media?parent=692"}],"curies":[{"name":"wp","href":"https:\/\/api.w.org\/{rel}","templated":true}]}}