{"id":664,"date":"2017-11-22T20:54:22","date_gmt":"2017-11-22T18:54:22","guid":{"rendered":"https:\/\/www.ldki.lt\/?page_id=664"},"modified":"2021-04-29T09:18:08","modified_gmt":"2021-04-29T06:18:08","slug":"projekty-dlugoterminowe","status":"publish","type":"page","link":"https:\/\/www.ldki.lt\/pl\/projekty-dlugoterminowe\/","title":{"rendered":"Projekty d\u0142ugoterminowe"},"content":{"rendered":"<ul class=\"sub-menu\">\n<li class=\"menu-item menu-item-type-post_type menu-item-object-page menu-item-743\"><a href=\"http:\/\/bpsreview.palityka.org\/\">Belarusian Political Science Review<\/a><\/li>\n<li class=\"menu-item menu-item-type-post_type menu-item-object-page menu-item-847\"><a href=\"https:\/\/www.ldk-ticino.info\/\">Litwa-Szwajcaria<\/a><\/li>\n<li class=\"menu-item menu-item-type-post_type menu-item-object-page menu-item-764\"><a href=\"http:\/\/icbs.palityka.org\/lt\/\">Mi\u0119dzynarodowy Kongres Bada\u0144 nad Bia\u0142orusi\u0105<\/a><\/li>\n<li class=\"menu-item menu-item-type-post_type menu-item-object-page menu-item-1385\"><a href=\"https:\/\/www.ldki.lt\/pl\/bardach\/\">Nagroda im. Juliusza Bardacha<\/a><\/li>\n<li class=\"menu-item menu-item-type-post_type menu-item-object-page menu-item-845\"><a href=\"http:\/\/www.3statutas.lt\/\">Trzeci Statut Litewski<\/a><\/li>\n<li class=\"menu-item menu-item-type-post_type menu-item-object-page menu-item-846\"><a href=\"https:\/\/www.gudija.lt\/\">GUDIJA.LT<\/a><\/li>\n<\/ul>\n","protected":false},"excerpt":{"rendered":"<p>Belarusian Political Science Review Litwa-Szwajcaria Mi\u0119dzynarodowy Kongres Bada\u0144 nad Bia\u0142orusi\u0105 Nagroda im. Juliusza Bardacha Trzeci Statut Litewski GUDIJA.LT<\/p>\n","protected":false},"author":3,"featured_media":0,"parent":0,"menu_order":0,"comment_status":"closed","ping_status":"closed","template":"","meta":[],"_links":{"self":[{"href":"https:\/\/www.ldki.lt\/pl\/wp-json\/wp\/v2\/pages\/664"}],"collection":[{"href":"https:\/\/www.ldki.lt\/pl\/wp-json\/wp\/v2\/pages"}],"about":[{"href":"https:\/\/www.ldki.lt\/pl\/wp-json\/wp\/v2\/types\/page"}],"author":[{"embeddable":true,"href":"https:\/\/www.ldki.lt\/pl\/wp-json\/wp\/v2\/users\/3"}],"replies":[{"embeddable":true,"href":"https:\/\/www.ldki.lt\/pl\/wp-json\/wp\/v2\/comments?post=664"}],"version-history":[{"count":4,"href":"https:\/\/www.ldki.lt\/pl\/wp-json\/wp\/v2\/pages\/664\/revisions"}],"predecessor-version":[{"id":1654,"href":"https:\/\/www.ldki.lt\/pl\/wp-json\/wp\/v2\/pages\/664\/revisions\/1654"}],"wp:attachment":[{"href":"https:\/\/www.ldki.lt\/pl\/wp-json\/wp\/v2\/media?parent=664"}],"curies":[{"name":"wp","href":"https:\/\/api.w.org\/{rel}","templated":true}]}}