{"id":646,"date":"2017-11-13T18:45:30","date_gmt":"2017-11-13T16:45:30","guid":{"rendered":"https:\/\/www.ldki.lt\/?page_id=646"},"modified":"2026-04-07T14:04:18","modified_gmt":"2026-04-07T11:04:18","slug":"dane-instytutu-wxl","status":"publish","type":"page","link":"https:\/\/www.ldki.lt\/pl\/dane-instytutu-wxl\/","title":{"rendered":"Dane Instytutu WXL"},"content":{"rendered":"<p>Instytut Wielkiego Ksi\u0119stwa Litewskiego<br>\nGrand Duchy of Lithuania Institute<br>\nAdres: Saul\u0117gr\u0105\u017e\u0173 24, LT-46326, Kaunas<br>\nREGON (numer identyfikacyjny): 302464098<br>\nNIP: nie istnieje<br>\nKonto IBAN: LT80 2140 0300 0199 0296<br>\nBank Luminor Bank AB<br>\nSWIFT: AGBLLT2X<\/p>\n","protected":false},"excerpt":{"rendered":"<p>Instytut Wielkiego Ksi\u0119stwa Litewskiego Grand Duchy of Lithuania Institute Adres: Saul\u0117gr\u0105\u017e\u0173 24, LT-46326, Kaunas REGON (numer identyfikacyjny): 302464098 NIP: nie istnieje Konto IBAN: LT80 2140 0300 0199 0296 Bank Luminor Bank AB SWIFT: AGBLLT2X<\/p>\n","protected":false},"author":3,"featured_media":0,"parent":0,"menu_order":0,"comment_status":"closed","ping_status":"closed","template":"","meta":[],"_links":{"self":[{"href":"https:\/\/www.ldki.lt\/pl\/wp-json\/wp\/v2\/pages\/646"}],"collection":[{"href":"https:\/\/www.ldki.lt\/pl\/wp-json\/wp\/v2\/pages"}],"about":[{"href":"https:\/\/www.ldki.lt\/pl\/wp-json\/wp\/v2\/types\/page"}],"author":[{"embeddable":true,"href":"https:\/\/www.ldki.lt\/pl\/wp-json\/wp\/v2\/users\/3"}],"replies":[{"embeddable":true,"href":"https:\/\/www.ldki.lt\/pl\/wp-json\/wp\/v2\/comments?post=646"}],"version-history":[{"count":9,"href":"https:\/\/www.ldki.lt\/pl\/wp-json\/wp\/v2\/pages\/646\/revisions"}],"predecessor-version":[{"id":2248,"href":"https:\/\/www.ldki.lt\/pl\/wp-json\/wp\/v2\/pages\/646\/revisions\/2248"}],"wp:attachment":[{"href":"https:\/\/www.ldki.lt\/pl\/wp-json\/wp\/v2\/media?parent=646"}],"curies":[{"name":"wp","href":"https:\/\/api.w.org\/{rel}","templated":true}]}}