{"id":1601,"date":"2020-05-30T21:05:46","date_gmt":"2020-05-30T18:05:46","guid":{"rendered":"https:\/\/www.ldki.lt\/?page_id=1601"},"modified":"2020-05-30T21:08:13","modified_gmt":"2020-05-30T18:08:13","slug":"slapuku-ir-privatumo-politika","status":"publish","type":"page","link":"https:\/\/www.ldki.lt\/pl\/slapuku-ir-privatumo-politika\/","title":{"rendered":"Slapuk\u0173 ir privatumo politika"},"content":{"rendered":"<p>\u0160i slapuk\u0173 politika paai\u0161kina, kas yra slapukai ir kaip mes juos naudojame.<br>\nBet kuriuo metu galite pakeisti arba at\u0161aukti savo sutikim\u0105 naudoti slapukus m\u016bs\u0173 svetain\u0117je.<br>\nSu\u017einokite daugiau apie tai, kas mes esame, kaip galite susisiekti su mumis ir kaip tvarkome j\u016bs\u0173 asmens duomenis m\u016bs\u0173 privatumo politikoje.<br>\nJ\u016bs\u0173 sutikimas galioja \u0161iame domene: www.ldki.lt<br>\nKas yra slapukai?<br>\nSlapukai yra ma\u017ei tekstiniai failai, naudojami ma\u017eoms informacijos dalims saugoti. Slapukai saugomi j\u016bs\u0173 \u012frenginyje, kai svetain\u0117 \u012fkeliama \u012f j\u016bs\u0173 nar\u0161ykl\u0119. \u0160ie slapukai padeda tinkamai veikti svetain\u0117s funkcijoms, padaryti svetain\u0119 saugesn\u0119, suteikti geresn\u0119 vartotojo patirt\u012f ir pad\u0117ti svetain\u0117s vystytojams j\u0105 tobulinti.<br>\nKokius slapukus naudojame?<br>\nB\u016btinieji slapukai yra b\u016btini tam, kad gal\u0117tum\u0117te naudotis visomis m\u016bs\u0173 svetain\u0117s funkcijomis. Jie leid\u017eia mums palaikyti vartotoj\u0173 seansus ir u\u017ekirsti keli\u0105 bet kokiai gr\u0117smei saugumui. Jie nerenka ir nelaiko jokios asmenin\u0117s informacijos.<br>\nStatistiniai: \u0160ie slapukai saugo toki\u0105 informacij\u0105 kaip svetain\u0117s lankytoj\u0173 skai\u010dius, unikali\u0173 lankytoj\u0173 skai\u010dius, kurie svetain\u0117s puslapiai buvo aplankyti, apsilankymo \u0161altinis ir t.t. \u0160ie duomenys padeda mums suprasti ir analizuoti, kaip gerai veikia svetain\u0117 ir kur j\u0105 reikia tobulinti.<br>\nFunkciniai: Tai yra slapukai, kurie padeda tam tikroms neesmin\u0117ms m\u016bs\u0173 svetain\u0117s funkcijoms. \u0160ios funkcijos apima turinio, pavyzd\u017eiui, vaizdo \u012fra\u0161\u0173, \u012fd\u0117jim\u0105 arba turinio bendrinim\u0105 svetain\u0117je socialin\u0117s \u017einiasklaidos platformose.<br>\nNuostatos: \u0161ie slapukai padeda mums i\u0161saugoti j\u016bs\u0173 nustatymus ir nar\u0161ymo parinktis, pavyzd\u017eiui, kalbos nuostatas, kad gal\u0117tum\u0117te geriau ir efektyviau naudotis b\u016bsimais apsilankymais svetain\u0117je.<br>\nKaip j\u016bs galite kontroliuoti slapuk\u0173 nuostatas?<br>\nJei nuspr\u0119site pakeisti savo nuostatas, v\u0117liau, per nar\u0161ymo sesij\u0105, galite pakeisti savo nar\u0161ykl\u0117s nustatymus, susijusius su slapukais. Skirtingose nar\u0161ykl\u0117se pateikiami skirtingi tinklalapi\u0173 naudojam\u0173 slapuk\u0173 blokavimo ir i\u0161trynimo b\u016bdai. Nor\u0117dami blokuoti \/ i\u0161trinti slapukus, turite pakeisti savo nar\u0161ykl\u0117s nustatymus. Nor\u0117dami su\u017einoti daugiau apie tai, kaip valdyti ir i\u0161trinti slapukus, apsilankykite www.allaboutcookies.org.<\/p>\n<p>Privatumo politika<\/p>\n<p>Remdamiesi Bendruoju duomen\u0173 apsaugos reglamentu (angl. trump. GDPR; su kuriuo galite susipa\u017einti paspaud\u0119 \u0161i\u0105 nuorod\u0105 <a href=\"https:\/\/gdpr-info.eu\/\">https:\/\/gdpr-info.eu\/<\/a>), direktyva d\u0117l privatumo ir elektronini\u0173 ry\u0161i\u0173 (angl. trump. EPD; su kuria galite susipa\u017einti paspaud\u0119 nuorod\u0105 <a href=\"https:\/\/eur-lex.europa.eu\/legal-content\/LT\/TXT\/HTML\/?uri=CELEX:32002L0058&amp;from=EN\">https:\/\/eur-lex.europa.eu\/legal-content\/LT\/TXT\/HTML\/?uri=CELEX:32002L0058&amp;from=EN<\/a>) bei kitais teis\u0117s aktais, u\u017etikriname, kad m\u016bs\u0173 veiksmai susij\u0119 su j\u016bs\u0173 asmens duomenimis ir j\u016bs\u0173 teis\u0117s \u012f juos, neprasilenks su \u0161iuose ir kituose teis\u0117s aktuose nustatytomis normomis. Taip pat verta prisiminti ir tai, kad duomen\u0173 perdavimas internetu niekada nebus 100% saugus, tod\u0117l sutikdami su faktu, kad svetain\u0117 automati\u0161kai rinks tam tikrus duomenis, kuriuos galima identifikuoti, kaip asmens duomenis (t. y. nar\u0161ydami www.ldki.lt svetain\u0117je nei\u0161jung\u0119 neb\u016btin\u0173j\u0173 slapuk\u0173 ar atskleid\u0119 savo asmens duomenis susisiekdami su mumis) prisiimate rizik\u0105, kad j\u016bs\u0173 asmens duomen\u0173 saugumas, integralumas ir privatumas gali b\u016bti pa\u017eeisti, nepaisant vis\u0173 m\u016bs\u0173 dedam\u0173 pastang\u0173 to i\u0161vengti.<br>\n\u0160i privatumo politika sukurta 2020 m. gegu\u017e\u0117s m\u0117n. 24 d. ir ateityje gali b\u016bti kei\u010diama, apie tai informuojant \u0161ioje privatumo politikoje.<br>\nMes esame Lietuvos Did\u017eiosios Kunigaik\u0161tyst\u0117s institutas.<br>\n\u012emon\u0117s kodas: 302464098<br>\nSu mumis galima susisiekti <a href=\"info@ldki.lt\">el.pa\u0161tu<\/a>.<br>\nKilus klausimams susisiekite su mumis!<\/p>\n","protected":false},"excerpt":{"rendered":"<p>\u0160i slapuk\u0173 politika paai\u0161kina, kas yra slapukai ir kaip mes juos naudojame. Bet kuriuo metu galite pakeisti arba at\u0161aukti savo sutikim\u0105 naudoti slapukus m\u016bs\u0173 svetain\u0117je. Su\u017einokite daugiau apie tai, kas mes esame, kaip galite susisiekti su mumis ir kaip tvarkome j\u016bs\u0173 asmens duomenis m\u016bs\u0173 privatumo politikoje. J\u016bs\u0173 sutikimas galioja \u0161iame domene: www.ldki.lt Kas yra slapukai? [&hellip;]<\/p>\n","protected":false},"author":11,"featured_media":0,"parent":0,"menu_order":0,"comment_status":"closed","ping_status":"closed","template":"","meta":[],"_links":{"self":[{"href":"https:\/\/www.ldki.lt\/pl\/wp-json\/wp\/v2\/pages\/1601"}],"collection":[{"href":"https:\/\/www.ldki.lt\/pl\/wp-json\/wp\/v2\/pages"}],"about":[{"href":"https:\/\/www.ldki.lt\/pl\/wp-json\/wp\/v2\/types\/page"}],"author":[{"embeddable":true,"href":"https:\/\/www.ldki.lt\/pl\/wp-json\/wp\/v2\/users\/11"}],"replies":[{"embeddable":true,"href":"https:\/\/www.ldki.lt\/pl\/wp-json\/wp\/v2\/comments?post=1601"}],"version-history":[{"count":2,"href":"https:\/\/www.ldki.lt\/pl\/wp-json\/wp\/v2\/pages\/1601\/revisions"}],"predecessor-version":[{"id":1603,"href":"https:\/\/www.ldki.lt\/pl\/wp-json\/wp\/v2\/pages\/1601\/revisions\/1603"}],"wp:attachment":[{"href":"https:\/\/www.ldki.lt\/pl\/wp-json\/wp\/v2\/media?parent=1601"}],"curies":[{"name":"wp","href":"https:\/\/api.w.org\/{rel}","templated":true}]}}