{"id":1383,"date":"2019-09-19T21:03:47","date_gmt":"2019-09-19T18:03:47","guid":{"rendered":"https:\/\/www.ldki.lt\/?page_id=1383"},"modified":"2024-07-08T14:38:46","modified_gmt":"2024-07-08T11:38:46","slug":"bardach","status":"publish","type":"page","link":"https:\/\/www.ldki.lt\/pl\/bardach\/","title":{"rendered":"Nagroda im. Juliusza Bardacha"},"content":{"rendered":"<p align=\"justify\">Nagroda im. J. Bardacha powo\u0142ana przez Instytut Wielkiego Ksi\u0119stwa Litewskiego jest przyznawana za prace doktorskie (kandydackie), po\u015bwi\u0119cone ideom i historii WXL.<br>\n<strong>Regulamin<\/strong><br>\n1. Nagroda ma na celu zach\u0119ci\u0107 do podj\u0119cia bada\u0144 nad spu\u015bcizn\u0105 WXL, jego tradycjami pa\u0144stwowymi, prawnymi i kulturowymi.<br>\n2. Priorytet b\u0119dzie nadawany pracom, dotycz\u0105cym tradycji pa\u0144stwowych, prawnych i kulturowych WXL, oraz przejawom trwania idei WXL w XIX i XX w., jak r\u00f3wnie\u017c tematom, po\u015bwi\u0119conym historii przynajmniej dw\u00f3ch wchodz\u0105cych w sk\u0142ad WXL p\u00f3\u017aniejszych pa\u0144stw \u2013 Litwy, Bia\u0142orusi, Ukrainy, a tak\u017ce Polski.<br>\n3. Zg\u0142aszane do Nagrody prace mog\u0105 dotyczy\u0107 r\u00f3\u017cnych obszar\u00f3w nauk humanistycznych \u012f spo\u0142ecznych, a w szczeg\u00f3lno\u015bci: historii, politologii, historii sztuki, filologii, socjologii, historii prawa i ustroju oraz geografii.<br>\n4. Do Nagrody mog\u0105 by\u0107 zg\u0142aszani obywatele dowolnego kraju, kt\u00f3rzy przed\u0142o\u017c\u0105 rozpraw\u0119 doktorsk\u0105 (kandydack\u0105). Termin sk\u0142adania prac b\u0119dzie og\u0142aszany ka\u017cdorazowo w li\u015bcie informacyjnym.<br>\n5. Do Nagrody nie mog\u0105 by\u0107 zg\u0142aszane prace starsze ni\u017c powsta\u0142e w okresie ostatnich dw\u00f3ch lat.<br>\n6. Prac\u0119 do Nagrody mo\u017ce zg\u0142osi\u0107 sam kandydat lub instytucja (katedra, wydzia\u0142, centrum naukowe i in.), po uzyskaniu akceptacji kandydata.<br>\n7. Zg\u0142aszane do Nagrody prace mog\u0105 by\u0107 napisane w j\u0119zyku litewskim, polskim, bia\u0142oruskim, ukrai\u0144skim, a tak\u017ce rosyjskim lub angielskim.<br>\n8. Wersj\u0119 elektroniczn\u0105 pracy oraz opinie promotora nale\u017cy przes\u0142a\u0107 na adres rustis@ldki.lt.<br>\n9. Zwyci\u0119zc\u00f3w \u2013 pierwsze, drugie i trzecie miejsce \u2013 wy\u0142oni komisja naukowa powo\u0142ana przez Instytut WXL.<br>\n10. Dodatkowe informacje dost\u0119pne s\u0105 na stronie internetowej Instytutu WXL (www.iwxl.lt), albo rustis@ldki.lt (R\u016bstis Kamuntavi\u010dius).<\/p>\n<p align=\"justify\"><strong>Laureaci Nagrody im. Juliusza Bardacha:<\/strong><br>\nKonkurs pierwszy. Oceniano prace napisane w latach 2012-2013. Ceremonia wr\u0119czenia Nagr\u00f3d odby\u0142a si\u0119 w 2014 r. w Sejnach<br>\n1. Miko\u0142aj Tarkowski (Gda\u0144sk) \u201eAdwokatura Wile\u0144ska 1918-1939\u201c.<br>\n2. Myko\u0142a Genyk (Lwo\u0301w) \u201eZa nasz\u0105 wolno\u015b\u0107 i wasz\u0105\u201c: Pojednanie polsko-ukrai\u0144skie w epoce dwubiegunowej\u201d.<br>\n3. Aliena Padalinskaja (Mi\u0144sk) \u201eRecepcja arystotelizmu w filozoficzne i spo\u0142eczno-politycznej my\u015bli Bia\u0142orusi w okresie odrodzenia\u201d.<\/p>\n<p align=\"justify\">Konkurs drugi. Oceniano prace napisane w latach 2014-2015. Ceremonia wr\u0119czenia Nagr\u00f3d odby\u0142a si\u0119 w 2016 r. w Warszawie.<br>\n1. Siarhiej Maroza\u016d (Grodno) \u201eIdea odrodzenia WXL w \u017cyciu spo\u0142ecznym i politycznym Bia\u0142orusi (koniec XVIII \u2013 pierwsza \u0107wier\u0107 XX w.)\u201d.<br>\n2. Svitlana Zymni\u0107ka (Dniepr) \u201eR\u00f3d ksi\u0105\u017c\u0105t Wi\u015bniowieckich w polskiej, rosyjskiej oraz ukrai\u0144skiej historiograffi od po\u0142owy XVIII do po\u0142owy XX wieku\u201d.<br>\n3. Kamil Pecela (Krako\u0301w) \u201eTw\u00f3rczo\u015b\u0107 Rafa\u0142a Mackiewicza (Rapolasa Mackonisa) i \u017cycie literackie Wilna lat mi\u0119dzywojennych\u201c.<\/p>\n<p align=\"justify\">Konkurs trzeci. Oceniano prace napisane w latach 2016-2017. Ceremonia wr\u0119czenia Nagr\u00f3d odby\u0142a si\u0119 w 2018 r. w Wilnie.<br>\n1. Laurynas \u0160edvydis (Kaunas) \u201ePrzygotowanie elit rz\u0105dz\u0105cych Wielkiego Ksi\u0119stwa Litewskiego do pa\u0144stwowego \u017cycia publicznego od XVI w. do po\u0142owy XVII w.\u201d<br>\n2. Volha Kleckina (Mi\u0144sk) \u201ePowstanie i rozw\u00f3j teatru Radziwi\u0142\u0142\u00f3w 1724-1810 r.\u201d<br>\n3. Wo\u0301jciech \u0141ysek (Krako\u0301w) \u201eZagadnienie narodowo\u015bci w polityce wschodniej pi\u0142sudczyk\u00f3w: uwarunkowania \u2013 ewolucja \u2013 spadkobiercy\u201d.<\/p>\n<p align=\"justify\">Konkurs czwarty. Oceniano prace napisane w latach 2018-2019. Ceremonia wr\u0119czenia Nagr\u00f3d odby\u0142a si\u0119 w 2022 r. w Kownie<br>\n1. Oskar Kanecki (S\u0142upsk) &#8220;S\u0105dy kapturowe Wielkiego Ksi\u0119stwa Litewskiego do ko\u0144ca XVII wieku\u201c<br>\n2. Pawe\u0142 Bu\u0142aty (Mi\u0144sk) \u201eHrabstwo lachowickie w systemie maj\u0105tk\u00f3w magnackich (XVI-XVIII w.)\u201c<br>\n3. Mindaugas Norkevi\u010dius (Kowno) \u201eWymiar wsp\u00f3\u0142pracy regionalnej w polskiej polityce zagranicznej\u201d.<\/p>\n<p align=\"justify\">Konkurs pi\u0105ty. Oceniano prace napisane w latach 2020-2021. Ceremonia wr\u0119czenia Nagr\u00f3d odby\u0142a si\u0119 w 2023 r. w S\u0142upsku.<br>\n1.\u00a0Anna Yukhymchuk (\u0141uck) \u201eKlasztory rzymskokatolickie diecezji \u0142ucko-\u017cytomierskiej na prze\u0142omie XVIII i XIX wieku\u201c.<br>\n2.\u00a0Marcin J\u0119drysiak (Wroc\u0142aw) \u201ePa\u0144stwo i prawo w my\u015bli Bohdana Kistiakowskiego\u201c.<br>\n3. Vital Byl (Greifswald-Nie\u015bwie\u017c) \u201eCZARY NA POGRANICZU KULTUROWYM. Procesy czarownic w Wielkim Ksi\u0119stwie Litewskim w XVI-XVIII wieku\u201c.<\/p>\n<p>Konkurs sz\u00f3sty. Oceniano prace napisane w latach 2022-2023. Ceremonia wr\u0119czenia Nagr\u00f3d odby\u0142a si\u0119 w 2024 r. w Warszawie.<br>\n1. Jan Bulak (Krak\u00f3w), Ekonomiczne aspekty funkcjonowania ko\u015bcio\u0142\u00f3w parafialnych w diecezji \u017cmudzkiej (telszewskiej) w latach 1795-1844<br>\n2. Maciej Helmin (S\u0142upsk), Historycy prawa Uniwersytetu Stefana Batorego w Wilnie i ich dzia\u0142alno\u015b\u0107 w latach 1919\u20131952<br>\n3. Roman Iwaszko (Lw\u00f3w), \u0141aci\u0144ska Archidiecezja Lwowska w procesie unii ze wschodnim chrze\u015bcija\u0144stwem mi\u0119dzy drugim a si\u00f3dmym dziesi\u0119cioleciem XV wieku.<\/p>\n","protected":false},"excerpt":{"rendered":"<p>Nagroda im. J. Bardacha powo\u0142ana przez Instytut Wielkiego Ksi\u0119stwa Litewskiego jest przyznawana za prace doktorskie (kandydackie), po\u015bwi\u0119cone ideom i historii WXL. Regulamin 1. Nagroda ma na celu zach\u0119ci\u0107 do podj\u0119cia bada\u0144 nad spu\u015bcizn\u0105 WXL, jego tradycjami pa\u0144stwowymi, prawnymi i kulturowymi. 2. Priorytet b\u0119dzie nadawany pracom, dotycz\u0105cym tradycji pa\u0144stwowych, prawnych i kulturowych WXL, oraz przejawom trwania [&hellip;]<\/p>\n","protected":false},"author":3,"featured_media":0,"parent":0,"menu_order":0,"comment_status":"closed","ping_status":"closed","template":"","meta":[],"_links":{"self":[{"href":"https:\/\/www.ldki.lt\/pl\/wp-json\/wp\/v2\/pages\/1383"}],"collection":[{"href":"https:\/\/www.ldki.lt\/pl\/wp-json\/wp\/v2\/pages"}],"about":[{"href":"https:\/\/www.ldki.lt\/pl\/wp-json\/wp\/v2\/types\/page"}],"author":[{"embeddable":true,"href":"https:\/\/www.ldki.lt\/pl\/wp-json\/wp\/v2\/users\/3"}],"replies":[{"embeddable":true,"href":"https:\/\/www.ldki.lt\/pl\/wp-json\/wp\/v2\/comments?post=1383"}],"version-history":[{"count":11,"href":"https:\/\/www.ldki.lt\/pl\/wp-json\/wp\/v2\/pages\/1383\/revisions"}],"predecessor-version":[{"id":2172,"href":"https:\/\/www.ldki.lt\/pl\/wp-json\/wp\/v2\/pages\/1383\/revisions\/2172"}],"wp:attachment":[{"href":"https:\/\/www.ldki.lt\/pl\/wp-json\/wp\/v2\/media?parent=1383"}],"curies":[{"name":"wp","href":"https:\/\/api.w.org\/{rel}","templated":true}]}}