{"id":1066,"date":"2018-09-05T23:04:54","date_gmt":"2018-09-05T20:04:54","guid":{"rendered":"https:\/\/www.ldki.lt\/?page_id=1066"},"modified":"2020-01-07T22:42:03","modified_gmt":"2020-01-07T20:42:03","slug":"1066-2","status":"publish","type":"page","link":"https:\/\/www.ldki.lt\/pl\/1066-2\/","title":{"rendered":"Instytut WKL"},"content":{"rendered":"<ul class=\"sub-menu\">\n<li class=\"menu-item menu-item-type-post_type menu-item-object-page menu-item-636\"><a href=\"https:\/\/www.ldki.lt\/pl\/idea\/\">O Instytucie Wielkiego Ksi\u0119stwa Litewskiego<\/a><\/li>\n<li class=\"menu-item menu-item-type-post_type menu-item-object-page menu-item-637\"><a href=\"https:\/\/www.ldki.lt\/pl\/instytut\/\">Administracja, Za\u0142o\u017cyciele i udzia\u0142owcy, Rada naukowa<\/a><\/li>\n<li class=\"menu-item menu-item-type-post_type menu-item-object-page menu-item-653\"><a href=\"https:\/\/www.ldki.lt\/pl\/dane-instytutu-wxl\/\">Dane Instytutu WXL<\/a><\/li>\n<li class=\"menu-item menu-item-type-post_type menu-item-object-page menu-item-1331\"><a href=\"https:\/\/institutasldk.wixsite.com\/ldki-iwxl\">Dokumenty<\/a><\/li>\n<\/ul>\n","protected":false},"excerpt":{"rendered":"<p>O Instytucie Wielkiego Ksi\u0119stwa Litewskiego Administracja, Za\u0142o\u017cyciele i udzia\u0142owcy, Rada naukowa Dane Instytutu WXL Dokumenty<\/p>\n","protected":false},"author":3,"featured_media":0,"parent":0,"menu_order":0,"comment_status":"closed","ping_status":"closed","template":"","meta":[],"_links":{"self":[{"href":"https:\/\/www.ldki.lt\/pl\/wp-json\/wp\/v2\/pages\/1066"}],"collection":[{"href":"https:\/\/www.ldki.lt\/pl\/wp-json\/wp\/v2\/pages"}],"about":[{"href":"https:\/\/www.ldki.lt\/pl\/wp-json\/wp\/v2\/types\/page"}],"author":[{"embeddable":true,"href":"https:\/\/www.ldki.lt\/pl\/wp-json\/wp\/v2\/users\/3"}],"replies":[{"embeddable":true,"href":"https:\/\/www.ldki.lt\/pl\/wp-json\/wp\/v2\/comments?post=1066"}],"version-history":[{"count":5,"href":"https:\/\/www.ldki.lt\/pl\/wp-json\/wp\/v2\/pages\/1066\/revisions"}],"predecessor-version":[{"id":1468,"href":"https:\/\/www.ldki.lt\/pl\/wp-json\/wp\/v2\/pages\/1066\/revisions\/1468"}],"wp:attachment":[{"href":"https:\/\/www.ldki.lt\/pl\/wp-json\/wp\/v2\/media?parent=1066"}],"curies":[{"name":"wp","href":"https:\/\/api.w.org\/{rel}","templated":true}]}}